{"id":13,"date":"2019-07-16T09:24:56","date_gmt":"2019-07-16T07:24:56","guid":{"rendered":"https:\/\/poznejbatak.cz\/?page_id=13"},"modified":"2019-09-18T11:47:59","modified_gmt":"2019-09-18T09:47:59","slug":"knizka","status":"publish","type":"page","link":"https:\/\/poznejbatak.cz\/2019\/knizka\/","title":{"rendered":"Kn\u00ed\u017eka o Ba\u0165ov\u011b kan\u00e1le"},"content":{"rendered":"","protected":false},"excerpt":{"rendered":"","protected":false},"author":1,"featured_media":0,"parent":0,"menu_order":20,"comment_status":"closed","ping_status":"closed","template":"page-book.php","meta":{"footnotes":""},"class_list":["post-13","page","type-page","status-publish","hentry"],"_links":{"self":[{"href":"https:\/\/poznejbatak.cz\/2019\/wp-json\/wp\/v2\/pages\/13","targetHints":{"allow":["GET"]}}],"collection":[{"href":"https:\/\/poznejbatak.cz\/2019\/wp-json\/wp\/v2\/pages"}],"about":[{"href":"https:\/\/poznejbatak.cz\/2019\/wp-json\/wp\/v2\/types\/page"}],"author":[{"embeddable":true,"href":"https:\/\/poznejbatak.cz\/2019\/wp-json\/wp\/v2\/users\/1"}],"replies":[{"embeddable":true,"href":"https:\/\/poznejbatak.cz\/2019\/wp-json\/wp\/v2\/comments?post=13"}],"version-history":[{"count":9,"href":"https:\/\/poznejbatak.cz\/2019\/wp-json\/wp\/v2\/pages\/13\/revisions"}],"predecessor-version":[{"id":299,"href":"https:\/\/poznejbatak.cz\/2019\/wp-json\/wp\/v2\/pages\/13\/revisions\/299"}],"wp:attachment":[{"href":"https:\/\/poznejbatak.cz\/2019\/wp-json\/wp\/v2\/media?parent=13"}],"curies":[{"name":"wp","href":"https:\/\/api.w.org\/{rel}","templated":true}]}}