{"id":28,"date":"2019-07-16T10:16:06","date_gmt":"2019-07-16T08:16:06","guid":{"rendered":"https:\/\/poznejbatak.cz\/?page_id=28"},"modified":"2019-08-15T11:33:53","modified_gmt":"2019-08-15T09:33:53","slug":"kviz","status":"publish","type":"page","link":"https:\/\/poznejbatak.cz\/2019\/kviz\/","title":{"rendered":"Vypl\u0148 kv\u00edz a z\u00edskej \u201ekapit\u00e1nsk\u00e9 osv\u011bd\u010den\u00ed\u201c"},"content":{"rendered":"<h2>Co obsahuje kv\u00edz:<\/h2>\n<ul>\n<li>historii a sou\u010dasnost Ba\u0165ova kan\u00e1lu,<\/li>\n<li>zaj\u00edmavosti okolo vodn\u00ed cesty,<\/li>\n<li>pravidla a z\u00e1konitosti plavby.<\/li>\n<\/ul>\n","protected":false},"excerpt":{"rendered":"<p>Co obsahuje kv\u00edz: historii a sou\u010dasnost Ba\u0165ova kan\u00e1lu, zaj\u00edmavosti okolo vodn\u00ed cesty, pravidla a z\u00e1konitosti plavby.<\/p>\n","protected":false},"author":1,"featured_media":0,"parent":0,"menu_order":30,"comment_status":"closed","ping_status":"closed","template":"page-quiz.php","meta":{"footnotes":""},"class_list":["post-28","page","type-page","status-publish","hentry"],"_links":{"self":[{"href":"https:\/\/poznejbatak.cz\/2019\/wp-json\/wp\/v2\/pages\/28","targetHints":{"allow":["GET"]}}],"collection":[{"href":"https:\/\/poznejbatak.cz\/2019\/wp-json\/wp\/v2\/pages"}],"about":[{"href":"https:\/\/poznejbatak.cz\/2019\/wp-json\/wp\/v2\/types\/page"}],"author":[{"embeddable":true,"href":"https:\/\/poznejbatak.cz\/2019\/wp-json\/wp\/v2\/users\/1"}],"replies":[{"embeddable":true,"href":"https:\/\/poznejbatak.cz\/2019\/wp-json\/wp\/v2\/comments?post=28"}],"version-history":[{"count":4,"href":"https:\/\/poznejbatak.cz\/2019\/wp-json\/wp\/v2\/pages\/28\/revisions"}],"predecessor-version":[{"id":216,"href":"https:\/\/poznejbatak.cz\/2019\/wp-json\/wp\/v2\/pages\/28\/revisions\/216"}],"wp:attachment":[{"href":"https:\/\/poznejbatak.cz\/2019\/wp-json\/wp\/v2\/media?parent=28"}],"curies":[{"name":"wp","href":"https:\/\/api.w.org\/{rel}","templated":true}]}}